{"id":8,"date":"2011-12-06T19:24:22","date_gmt":"2011-12-06T19:24:22","guid":{"rendered":"http:\/\/ddnm.si\/?page_id=8"},"modified":"2011-12-12T18:08:43","modified_gmt":"2011-12-12T17:08:43","slug":"dejavnosti","status":"publish","type":"page","link":"http:\/\/ddnm.si\/?page_id=8","title":{"rendered":"Dejavnosti"},"content":{"rendered":"<p><strong>V dru\u0161tvu izvajamo naslednje dejavnosti:<\/strong><\/p>\n<p>&#8211;\u00a0\u00a0\u00a0organiziramo predavanja o zdravljenju sladkorne bolezni, zdravi prehrani, zdravem na\u010dinu \u017eivljenja in druga predavanja, povezana z diabetesom,<br \/>\n&#8211;\u00a0\u00a0\u00a0 raz\u0161irjamo izobra\u017eevalno literaturo s svojega delovnega podro\u010dja (\u010dasopisi, revije, knjige, letaki, zlo\u017eenke ipd.) in jo posredujemo vsem zainteresiranim, s \u010dimer si prizadevamo, da se naj\u0161ir\u0161i krog ljudi seznani s problematiko sladkorne bolezni,<br \/>\n&#8211;\u00a0\u00a0\u00a0 v sodelovanju s proizvajalci zdravil, zdravstvenih pripomo\u010dkov in drugih proizvodov, ki osebam s sladkorno boleznijo laj\u0161ajo \u017eivljenje oziroma omogo\u010dajo bolj\u0161o kvaliteto bivanja, organiziramo prikaz le-teh,<br \/>\n&#8211;\u00a0\u00a0\u00a0 organiziramo sestanke, sre\u010danja in druge oblike dru\u017eenja oseb s sladkorno boleznijo (\u0161portne prireditve, izlete, skupinsko terapijo, zdravili\u0161ko okrevanje, dru\u017eabna sre\u010danja, sejemsko dejavnost, predstavitve) in na ta na\u010din izmenjujemo izku\u0161nje ter spoznanja s podro\u010dja sladkorne bolezni,<br \/>\n&#8211;\u00a0\u00a0\u00a0 pridobivamo sredstva za delovanje dru\u0161tva s strani ob\u010din, dr\u017eavnih institucij, fundacij, pokroviteljev, darovalcev in \u010dlanov s \u010dlanarino.<\/p>\n<p><strong>Programi, ki jih izvajamo tekom leta:<\/strong><\/p>\n<p><strong>Preventivni program edukativnega okrevanja v Zdravili\u0161\u010du Strunjan<\/strong><br \/>\nProgram zajema zdravljenje in \u0161olo dietne prehrane v okviru zdravili\u0161\u010dnega programa Zdravili\u0161\u010da Strunjan. Izvaja se konec meseca novembra in traja 7 dni. \u010clanom dru\u0161tvo krije del stro\u0161kov udele\u017ebe programa. V programu se izvedejo predavanja na temo edukativnega okrevanja in \u0161ole dietne prehrane. Izvajalec predavanj je \u010dlanica dru\u0161tva, ga. Jo\u017eefa Rolih, ter strokovnjaki iz Zdravili\u0161\u010da Strunjan. Udele\u017eenci se pou\u010dijo o pravilnem prehranjevanju, u\u010dinkoviti samokontroli in samovodenju bolezni. Pridobljeno znanje integrirajo v vsakodnevno \u017eivljenje in si s tem olaj\u0161ujejo \u017eivljenje z boleznijo.<\/p>\n<p><strong>Sre\u010danje ob Svetovnem dnevu diabetesa<\/strong><br \/>\nV mesecu novembru dru\u0161tvo organizira sre\u010danje \u010dlanov in njihovih svojcev, kjer strokovnjaki predavajo o razli\u010dnih temah s podro\u010dja diabetesa. Dogodek popestrimo tudi s kraj\u0161im kulturnim programom in dru\u017eenjem s pogostitvijo.<\/p>\n<p style=\"text-align: left;\"><strong>\u0160portne aktivnosti<\/strong><br \/>\n\u010clane dru\u0161tva peljemo na \u0160portno-rekreativno sre\u010danje diabetikov Slovenije, ki se odvija v mesecu maju.<br \/>\n\u0160portno-rekreativno sre\u010danje \u010dlanov dru\u0161tva izvajamo konec meseca junija v Dolenjskih Toplicah. Zajema kraj\u0161i pohod po okolici Dolenjskih Toplic, ki je prilagojen zmo\u017enostim udele\u017eencev, zabavno\u2013rekreacijski del: balinanje, pikado, ples, ter pogostitev. Za udele\u017eence organiziramo tudi merjenje sladkorja v krvi pred in po \u0161portno-rekreativnih aktivnostih.<br \/>\nJesenski program dru\u017eenja je organiziran v obliki izleta, ki se izvaja v mesecu oktobru v obliki celodnevnega sre\u010danja.\u00a0V program je vklju\u010den ogled kulturnih znamenitosti.<\/p>\n<p><strong>Redne mese\u010dne \u0161portne aktivnosti \u2013 plavanje in pohodni\u0161tvo<br \/>\n<\/strong>Plavanje se izvaja v zdravili\u0161\u010du \u0160marje\u0161ke Toplice v notranjem bazenu in v Laguni Balnea v Dolenjskih Toplicah. \u010clani dru\u0161tva imajo popust pri nakupu kart.<br \/>\nVsako drugo \u00a0in \u010detrto sredo v mesecu (razen v mesecih juliju in avgustu)\u00a0organiziramo pohod po bli\u017enji in daljnji okolici Novega mesta, ki je prilagojen sposobnostim udele\u017eencev, povpre\u010dno pa traja od 2 do 3 ure.<\/p>\n<p><strong>Ob\u010dni zbor<\/strong><br \/>\nOb\u010dni zbor organiziramo vsako leto v mesecu marcu. Na zboru izvedemo formalni del z izvolitvijo organov ob\u010dnega zbora, predstavimo program in finan\u010dni na\u010drt za prihodnje leto, nato sledi tudi vrednotenje dela v preteklem letu in razprava o uspe\u0161nosti delovanja. Zaslu\u017enim \u010dlanom dru\u0161tva podelimo tudi priznanja. Poleg formalnega dela na Ob\u010dnem zboru organiziramo tudi predavanja, kulturni program, dru\u017eenje in pogostitev.<\/p>\n<p><strong>Socialni program<br \/>\n<\/strong>Program izvaja skupina za samopomo\u010d in prostovoljci. Skupina ima sre\u010danja vsak drugi \u010detrtek v mesecu v prostorih dru\u0161tva. Obiskuje socialno izklju\u010dene bolnike in omogo\u010da \u010dlanom skupine izmenjavo izku\u0161enj, iskanje re\u0161itev na druga\u010den na\u010din in skupno premagovanja te\u017eav.<\/p>\n<p>&nbsp;<\/p>\n<p>&nbsp;<\/p>\n<p>&nbsp;<\/p>\n","protected":false},"excerpt":{"rendered":"<p>V dru\u0161tvu izvajamo naslednje dejavnosti: &#8211;\u00a0\u00a0\u00a0organiziramo predavanja o zdravljenju sladkorne bolezni, zdravi prehrani, zdravem na\u010dinu \u017eivljenja in druga predavanja, povezana z diabetesom, &#8211;\u00a0\u00a0\u00a0 raz\u0161irjamo izobra\u017eevalno literaturo s svojega delovnega podro\u010dja (\u010dasopisi, revije, knjige, letaki, zlo\u017eenke ipd.) in jo posredujemo vsem zainteresiranim, s \u010dimer si prizadevamo, da se naj\u0161ir\u0161i krog ljudi seznani s problematiko sladkorne bolezni, &#8230;<\/p>\n<p class=\"read-more\"><a href=\"http:\/\/ddnm.si\/?page_id=8\">>>Ve\u010d&#8230;<\/a><\/p>\n","protected":false},"author":1,"featured_media":0,"parent":0,"menu_order":2,"comment_status":"open","ping_status":"closed","template":"","meta":[],"_links":{"self":[{"href":"http:\/\/ddnm.si\/index.php?rest_route=\/wp\/v2\/pages\/8"}],"collection":[{"href":"http:\/\/ddnm.si\/index.php?rest_route=\/wp\/v2\/pages"}],"about":[{"href":"http:\/\/ddnm.si\/index.php?rest_route=\/wp\/v2\/types\/page"}],"author":[{"embeddable":true,"href":"http:\/\/ddnm.si\/index.php?rest_route=\/wp\/v2\/users\/1"}],"replies":[{"embeddable":true,"href":"http:\/\/ddnm.si\/index.php?rest_route=%2Fwp%2Fv2%2Fcomments&post=8"}],"version-history":[{"count":10,"href":"http:\/\/ddnm.si\/index.php?rest_route=\/wp\/v2\/pages\/8\/revisions"}],"predecessor-version":[{"id":54,"href":"http:\/\/ddnm.si\/index.php?rest_route=\/wp\/v2\/pages\/8\/revisions\/54"}],"wp:attachment":[{"href":"http:\/\/ddnm.si\/index.php?rest_route=%2Fwp%2Fv2%2Fmedia&parent=8"}],"curies":[{"name":"wp","href":"https:\/\/api.w.org\/{rel}","templated":true}]}}