{"id":72,"date":"2011-12-09T08:38:43","date_gmt":"2011-12-09T07:38:43","guid":{"rendered":"http:\/\/ddnm.si\/?page_id=72"},"modified":"2019-04-09T16:12:06","modified_gmt":"2019-04-09T15:12:06","slug":"donatorji","status":"publish","type":"page","link":"http:\/\/ddnm.si\/?page_id=72","title":{"rendered":"Sponzorji in donatorji"},"content":{"rendered":"<p style=\"text-align: center;\"><strong>\u00a0V letu 2019 nam programe pomagajo uresni\u010devati :\u00a0<\/strong><\/p>\n<p style=\"text-align: center;\"><a href=\"http:\/\/ddnm.si\/?attachment_id=1946\" rel=\"attachment wp-att-1946\"><img loading=\"lazy\" class=\"wp-image-1946 aligncenter\" src=\"http:\/\/ddnm.si\/wp-content\/uploads\/2018\/05\/FIHO-logo.png\" alt=\"\" width=\"252\" height=\"116\" srcset=\"http:\/\/ddnm.si\/wp-content\/uploads\/2018\/05\/FIHO-logo.png 641w, http:\/\/ddnm.si\/wp-content\/uploads\/2018\/05\/FIHO-logo-300x138.png 300w\" sizes=\"(max-width: 252px) 100vw, 252px\" \/><\/a><\/p>\n<p style=\"text-align: center;\"><a href=\"http:\/\/ddnm.si\/?attachment_id=1947\" rel=\"attachment wp-att-1947\"><img loading=\"lazy\" class=\" wp-image-1947 aligncenter\" src=\"http:\/\/ddnm.si\/wp-content\/uploads\/2018\/05\/Logo-ZDDS.jpg\" alt=\"\" width=\"218\" height=\"157\" srcset=\"http:\/\/ddnm.si\/wp-content\/uploads\/2018\/05\/Logo-ZDDS.jpg 832w, http:\/\/ddnm.si\/wp-content\/uploads\/2018\/05\/Logo-ZDDS-300x216.jpg 300w, http:\/\/ddnm.si\/wp-content\/uploads\/2018\/05\/Logo-ZDDS-768x553.jpg 768w\" sizes=\"(max-width: 218px) 100vw, 218px\" \/><\/a><\/p>\n<h5 style=\"text-align: center;\"><span style=\"color: #008080;\"><strong>Podjetja:<\/strong><\/span><\/h5>\n<pre style=\"text-align: center;\"><a href=\"http:\/\/ddnm.si\/?attachment_id=1491\" rel=\"attachment wp-att-1491\"><img loading=\"lazy\" class=\"alignnone wp-image-1491\" src=\"http:\/\/ddnm.si\/wp-content\/uploads\/2011\/12\/krka_logo.jpg\" alt=\"\" width=\"244\" height=\"79\" srcset=\"http:\/\/ddnm.si\/wp-content\/uploads\/2011\/12\/krka_logo.jpg 864w, http:\/\/ddnm.si\/wp-content\/uploads\/2011\/12\/krka_logo-300x97.jpg 300w, http:\/\/ddnm.si\/wp-content\/uploads\/2011\/12\/krka_logo-768x248.jpg 768w, http:\/\/ddnm.si\/wp-content\/uploads\/2011\/12\/krka_logo-620x200.jpg 620w\" sizes=\"(max-width: 244px) 100vw, 244px\" \/><\/a>\r\n<a href=\"http:\/\/ddnm.si\/?attachment_id=1495\" rel=\"attachment wp-att-1495\"><img loading=\"lazy\" class=\"alignnone size-full wp-image-1495\" src=\"http:\/\/ddnm.si\/wp-content\/uploads\/2011\/12\/RTEmagicC_Terme_Krka_logotip_400.png.png\" alt=\"\" width=\"248\" height=\"124\" \/><\/a>\r\n<a href=\"http:\/\/ddnm.si\/?attachment_id=1496\" rel=\"attachment wp-att-1496\"><img loading=\"lazy\" class=\"alignnone wp-image-1496\" src=\"http:\/\/ddnm.si\/wp-content\/uploads\/2011\/12\/logoZARJA.png\" alt=\"\" width=\"150\" height=\"117\" \/><\/a>\r\n\r\n<a href=\"http:\/\/ddnm.si\/?attachment_id=1507\" rel=\"attachment wp-att-1507\"><img loading=\"lazy\" class=\"alignnone wp-image-1507\" src=\"http:\/\/ddnm.si\/wp-content\/uploads\/2011\/12\/SimpsS-d.o.o..gif\" alt=\"\" width=\"147\" height=\"103\" \/><\/a>\r\n\r\n<a href=\"http:\/\/ddnm.si\/?attachment_id=1559\" rel=\"attachment wp-att-1559\"><img loading=\"lazy\" class=\"alignnone size-full wp-image-1559\" src=\"http:\/\/ddnm.si\/wp-content\/uploads\/2011\/12\/zaloker-zaloker-logo.png\" alt=\"\" width=\"244\" height=\"81\" \/><\/a>\r\n\r\n<a href=\"http:\/\/ddnm.si\/?attachment_id=1722\" rel=\"attachment wp-att-1722\"><img loading=\"lazy\" class=\"alignnone wp-image-1722\" src=\"http:\/\/ddnm.si\/wp-content\/uploads\/2011\/12\/ONETOUCH_EVERY_TOUCH_LOGO_CMYKMateja.jpg\" alt=\"\" width=\"231\" height=\"70\" srcset=\"http:\/\/ddnm.si\/wp-content\/uploads\/2011\/12\/ONETOUCH_EVERY_TOUCH_LOGO_CMYKMateja.jpg 1083w, http:\/\/ddnm.si\/wp-content\/uploads\/2011\/12\/ONETOUCH_EVERY_TOUCH_LOGO_CMYKMateja-300x91.jpg 300w, http:\/\/ddnm.si\/wp-content\/uploads\/2011\/12\/ONETOUCH_EVERY_TOUCH_LOGO_CMYKMateja-768x233.jpg 768w, http:\/\/ddnm.si\/wp-content\/uploads\/2011\/12\/ONETOUCH_EVERY_TOUCH_LOGO_CMYKMateja-1024x311.jpg 1024w\" sizes=\"(max-width: 231px) 100vw, 231px\" \/><\/a>\r\n\r\n<a href=\"http:\/\/ddnm.si\/?attachment_id=1727\" rel=\"attachment wp-att-1727\"><img loading=\"lazy\" class=\"alignnone wp-image-1727\" src=\"http:\/\/ddnm.si\/wp-content\/uploads\/2011\/12\/novartis-logo-open-graph2.jpg\" alt=\"\" width=\"270\" height=\"48\" \/><\/a>\r\n\r\n<a href=\"http:\/\/ddnm.si\/?attachment_id=1870\" rel=\"attachment wp-att-1870\"><img loading=\"lazy\" class=\"alignnone wp-image-1870\" src=\"http:\/\/ddnm.si\/wp-content\/uploads\/2018\/03\/Pagras-NM-logotip.jpg\" alt=\"\" width=\"187\" height=\"79\" \/><\/a>\r\n\r\n<a href=\"http:\/\/ddnm.si\/?attachment_id=2197\" rel=\"attachment wp-att-2197\"><img loading=\"lazy\" class=\"alignnone wp-image-2197\" src=\"http:\/\/ddnm.si\/wp-content\/uploads\/2019\/04\/logoterca.png\" alt=\"\" width=\"137\" height=\"112\" \/><\/a>\r\n\r\n<a href=\"http:\/\/ddnm.si\/?attachment_id=1878\" rel=\"attachment wp-att-1878\"><img loading=\"lazy\" class=\"alignnone wp-image-1878\" src=\"http:\/\/ddnm.si\/wp-content\/uploads\/2018\/03\/logo-medis-m.png\" alt=\"\" width=\"139\" height=\"111\" \/><\/a>\r\n<a href=\"http:\/\/ddnm.si\/?attachment_id=1513\" rel=\"attachment wp-att-1513\"><img loading=\"lazy\" class=\"alignnone wp-image-1513\" src=\"http:\/\/ddnm.si\/wp-content\/uploads\/2011\/12\/Worwag-Pharma.jpg\" alt=\"\" width=\"124\" height=\"143\" \/><\/a>\r\n<a href=\"http:\/\/ddnm.si\/?attachment_id=1510\" rel=\"attachment wp-att-1510\"><img loading=\"lazy\" class=\"alignnone wp-image-1510\" src=\"http:\/\/ddnm.si\/wp-content\/uploads\/2011\/12\/RMR0wWBG-ROCHE.jpeg\" alt=\"\" width=\"113\" height=\"113\" srcset=\"http:\/\/ddnm.si\/wp-content\/uploads\/2011\/12\/RMR0wWBG-ROCHE.jpeg 400w, http:\/\/ddnm.si\/wp-content\/uploads\/2011\/12\/RMR0wWBG-ROCHE-150x150.jpeg 150w, http:\/\/ddnm.si\/wp-content\/uploads\/2011\/12\/RMR0wWBG-ROCHE-300x300.jpeg 300w\" sizes=\"(max-width: 113px) 100vw, 113px\" \/><\/a>\r\n\r\n<a href=\"http:\/\/ddnm.si\/?attachment_id=1508\" rel=\"attachment wp-att-1508\"><img loading=\"lazy\" class=\"alignnone wp-image-1508\" src=\"http:\/\/ddnm.si\/wp-content\/uploads\/2011\/12\/farmedica.png\" alt=\"\" width=\"242\" height=\"56\" \/><\/a>\r\n\r\n<a href=\"http:\/\/ddnm.si\/?attachment_id=1518\" rel=\"attachment wp-att-1518\"><img loading=\"lazy\" class=\"alignnone wp-image-1518\" src=\"http:\/\/ddnm.si\/wp-content\/uploads\/2011\/12\/logo_ggnm.gif\" alt=\"\" width=\"198\" height=\"139\" \/><\/a>\r\n\r\n<a href=\"http:\/\/ddnm.si\/?attachment_id=1503\" rel=\"attachment wp-att-1503\"><img loading=\"lazy\" class=\"alignnone size-full wp-image-1503\" src=\"http:\/\/ddnm.si\/wp-content\/uploads\/2011\/12\/dolenjskeLekarne.png\" alt=\"\" width=\"122\" height=\"120\" \/><\/a>\r\n\r\n<a href=\"http:\/\/ddnm.si\/?attachment_id=1731\" rel=\"attachment wp-att-1731\"><img loading=\"lazy\" class=\"alignnone wp-image-1731\" src=\"http:\/\/ddnm.si\/wp-content\/uploads\/2011\/12\/Radio-Krka.jpg\" alt=\"\" width=\"161\" height=\"78\" srcset=\"http:\/\/ddnm.si\/wp-content\/uploads\/2011\/12\/Radio-Krka.jpg 322w, http:\/\/ddnm.si\/wp-content\/uploads\/2011\/12\/Radio-Krka-300x145.jpg 300w\" sizes=\"(max-width: 161px) 100vw, 161px\" \/><\/a>\r\n\r\n<a href=\"http:\/\/ddnm.si\/?attachment_id=2198\" rel=\"attachment wp-att-2198\"><img loading=\"lazy\" class=\"alignnone wp-image-2198\" src=\"http:\/\/ddnm.si\/wp-content\/uploads\/2019\/04\/radiosraka.png\" alt=\"\" width=\"118\" height=\"126\" \/><\/a>\r\n<\/pre>\n<h3 style=\"text-align: center;\"><span style=\"color: #3366ff;\"><strong>Ob\u010dine:<\/strong><\/span><\/h3>\n<p>&nbsp;<\/p>\n<p style=\"text-align: center;\"><a href=\"http:\/\/ddnm.si\/?attachment_id=1732\" rel=\"attachment wp-att-1732\"><img loading=\"lazy\" class=\"wp-image-1732 aligncenter\" src=\"http:\/\/ddnm.si\/wp-content\/uploads\/2011\/12\/monm-logo.png\" alt=\"\" width=\"249\" height=\"98\" srcset=\"http:\/\/ddnm.si\/wp-content\/uploads\/2011\/12\/monm-logo.png 568w, http:\/\/ddnm.si\/wp-content\/uploads\/2011\/12\/monm-logo-300x118.png 300w\" sizes=\"(max-width: 249px) 100vw, 249px\" \/><\/a>Mestna ob\u010dina Novo mesto<\/p>\n<p style=\"text-align: center;\"><a href=\"http:\/\/ddnm.si\/?attachment_id=1733\" rel=\"attachment wp-att-1733\"><img loading=\"lazy\" class=\"wp-image-1733 aligncenter\" src=\"http:\/\/ddnm.si\/wp-content\/uploads\/2011\/12\/Kr\u0161ko.jpg\" alt=\"\" width=\"71\" height=\"85\" \/><\/a>Ob\u010dina Kr\u0161ko<\/p>\n<p style=\"text-align: center;\"><a href=\"http:\/\/ddnm.si\/?attachment_id=1477\" rel=\"attachment wp-att-1477\"><img loading=\"lazy\" class=\"wp-image-1477 aligncenter\" src=\"http:\/\/ddnm.si\/wp-content\/uploads\/2011\/12\/predstavitev-grbStra\u017ea.png\" alt=\"\" width=\"76\" height=\"90\" srcset=\"http:\/\/ddnm.si\/wp-content\/uploads\/2011\/12\/predstavitev-grbStra\u017ea.png 275w, http:\/\/ddnm.si\/wp-content\/uploads\/2011\/12\/predstavitev-grbStra\u017ea-252x300.png 252w\" sizes=\"(max-width: 76px) 100vw, 76px\" \/><\/a>Ob\u010dina Stra\u017ea<\/p>\n<p style=\"text-align: center;\"><a href=\"http:\/\/ddnm.si\/?attachment_id=1734\" rel=\"attachment wp-att-1734\"><img loading=\"lazy\" class=\"wp-image-1734 aligncenter\" src=\"http:\/\/ddnm.si\/wp-content\/uploads\/2011\/12\/\u017eu\u017eemberk-logo.gif\" alt=\"\" width=\"69\" height=\"83\" \/><\/a>Ob\u010dina \u017du\u017eemberk<\/p>\n<p style=\"text-align: center;\"><a href=\"http:\/\/ddnm.si\/?attachment_id=1735\" rel=\"attachment wp-att-1735\"><img loading=\"lazy\" class=\"wp-image-1735 aligncenter\" src=\"http:\/\/ddnm.si\/wp-content\/uploads\/2011\/12\/trebnje-logo.gif\" alt=\"\" width=\"68\" height=\"82\" \/><\/a>Ob\u010dina Trebnje<\/p>\n<p style=\"text-align: center;\"><a href=\"http:\/\/ddnm.si\/?attachment_id=1736\" rel=\"attachment wp-att-1736\"><img loading=\"lazy\" class=\"wp-image-1736 aligncenter\" src=\"http:\/\/ddnm.si\/wp-content\/uploads\/2011\/12\/dolenjsketoplice_logo.png\" alt=\"\" width=\"83\" height=\"95\" \/><\/a>Ob\u010dina Dolenjske Toplice<\/p>\n<p style=\"text-align: center;\"><a href=\"http:\/\/ddnm.si\/?attachment_id=1482\" rel=\"attachment wp-att-1482\"><img loading=\"lazy\" class=\"wp-image-1482 aligncenter\" src=\"http:\/\/ddnm.si\/wp-content\/uploads\/2011\/12\/grb-\u0160marj.Topl2_.jpg\" alt=\"\" width=\"74\" height=\"88\" \/><\/a>Ob\u010dina \u0160marje\u0161ke Toplice<\/p>\n<p style=\"text-align: center;\"><a href=\"http:\/\/ddnm.si\/?attachment_id=1488\" rel=\"attachment wp-att-1488\"><img loading=\"lazy\" class=\"wp-image-1488 aligncenter\" src=\"http:\/\/ddnm.si\/wp-content\/uploads\/2011\/12\/logo\u0160kocjan2.png\" alt=\"\" width=\"68\" height=\"83\" \/><\/a>Ob\u010dina \u0160kocjan<\/p>\n<p style=\"text-align: center;\"><a href=\"http:\/\/ddnm.si\/?attachment_id=1737\" rel=\"attachment wp-att-1737\"><img loading=\"lazy\" class=\"wp-image-1737 aligncenter\" src=\"http:\/\/ddnm.si\/wp-content\/uploads\/2011\/12\/sentrupert_logo.png\" alt=\"\" width=\"73\" height=\"87\" \/><\/a>Ob\u010dina \u0160entrupert<\/p>\n<p style=\"text-align: center;\"><a href=\"http:\/\/ddnm.si\/?attachment_id=1738\" rel=\"attachment wp-att-1738\"><img loading=\"lazy\" class=\"wp-image-1738 aligncenter\" src=\"http:\/\/ddnm.si\/wp-content\/uploads\/2011\/12\/metlika_logo.bmp\" alt=\"\" width=\"82\" height=\"82\" \/><\/a>Ob\u010dina Metlika<\/p>\n<p style=\"text-align: center;\"><a href=\"http:\/\/ddnm.si\/?attachment_id=1476\" rel=\"attachment wp-att-1476\"><img loading=\"lazy\" class=\"wp-image-1476 aligncenter\" src=\"http:\/\/ddnm.si\/wp-content\/uploads\/2011\/12\/obcina_grbMirna-Pe\u010d.gif\" alt=\"\" width=\"74\" height=\"88\" \/><\/a>Ob\u010dina Mirna Pe\u010d<\/p>\n<p style=\"text-align: center;\"><a href=\"http:\/\/ddnm.si\/?attachment_id=1739\" rel=\"attachment wp-att-1739\"><img loading=\"lazy\" class=\"wp-image-1739 aligncenter\" src=\"http:\/\/ddnm.si\/wp-content\/uploads\/2011\/12\/obcina_crnomelj_grb_logo.gif\" alt=\"\" width=\"78\" height=\"78\" \/><\/a>Ob\u010dina \u010crnomelj<\/p>\n<p style=\"text-align: center;\"><a href=\"http:\/\/ddnm.si\/?attachment_id=1483\" rel=\"attachment wp-att-1483\"><img loading=\"lazy\" class=\"wp-image-1483 aligncenter\" src=\"http:\/\/ddnm.si\/wp-content\/uploads\/2011\/12\/grb-Mirna.bmp\" alt=\"\" width=\"67\" height=\"89\" \/><\/a>Ob\u010dina Mirna<\/p>\n<p style=\"text-align: center;\"><a href=\"http:\/\/ddnm.si\/?attachment_id=1487\" rel=\"attachment wp-att-1487\"><img loading=\"lazy\" class=\"wp-image-1487 aligncenter\" src=\"http:\/\/ddnm.si\/wp-content\/uploads\/2011\/12\/Ob\u010dina_Semi\u010d_grb.gif\" alt=\"\" width=\"82\" height=\"82\" \/><\/a>Ob\u010dina Semi\u010d<\/p>\n<p style=\"text-align: center;\"><a href=\"http:\/\/ddnm.si\/?attachment_id=1481\" rel=\"attachment wp-att-1481\"><img loading=\"lazy\" class=\"wp-image-1481 aligncenter\" src=\"http:\/\/ddnm.si\/wp-content\/uploads\/2011\/12\/grb-Mokr.Treb_..jpg\" alt=\"\" width=\"68\" height=\"83\" \/><\/a>Ob\u010dina Mokronog &#8211; Trebelno<\/p>\n<p style=\"text-align: center;\"><a href=\"http:\/\/ddnm.si\/?attachment_id=1473\" rel=\"attachment wp-att-1473\"><img loading=\"lazy\" class=\"wp-image-1473 aligncenter\" src=\"http:\/\/ddnm.si\/wp-content\/uploads\/2011\/12\/logo-\u0160entjernej.png\" alt=\"\" width=\"75\" height=\"83\" \/><\/a>Ob\u010dina \u0160entjernej<\/p>\n<p>&nbsp;<\/p>\n<p>&nbsp;<\/p>\n","protected":false},"excerpt":{"rendered":"<p>\u00a0V letu 2019 nam programe pomagajo uresni\u010devati :\u00a0 Podjetja: Ob\u010dine: &nbsp; Mestna ob\u010dina Novo mesto Ob\u010dina Kr\u0161ko Ob\u010dina Stra\u017ea Ob\u010dina \u017du\u017eemberk Ob\u010dina Trebnje Ob\u010dina Dolenjske Toplice Ob\u010dina \u0160marje\u0161ke Toplice Ob\u010dina \u0160kocjan Ob\u010dina \u0160entrupert Ob\u010dina Metlika Ob\u010dina Mirna Pe\u010d Ob\u010dina \u010crnomelj Ob\u010dina Mirna Ob\u010dina Semi\u010d Ob\u010dina Mokronog &#8211; Trebelno Ob\u010dina \u0160entjernej &nbsp; &nbsp;<\/p>\n","protected":false},"author":1,"featured_media":0,"parent":0,"menu_order":9,"comment_status":"closed","ping_status":"open","template":"","meta":[],"_links":{"self":[{"href":"http:\/\/ddnm.si\/index.php?rest_route=\/wp\/v2\/pages\/72"}],"collection":[{"href":"http:\/\/ddnm.si\/index.php?rest_route=\/wp\/v2\/pages"}],"about":[{"href":"http:\/\/ddnm.si\/index.php?rest_route=\/wp\/v2\/types\/page"}],"author":[{"embeddable":true,"href":"http:\/\/ddnm.si\/index.php?rest_route=\/wp\/v2\/users\/1"}],"replies":[{"embeddable":true,"href":"http:\/\/ddnm.si\/index.php?rest_route=%2Fwp%2Fv2%2Fcomments&post=72"}],"version-history":[{"count":62,"href":"http:\/\/ddnm.si\/index.php?rest_route=\/wp\/v2\/pages\/72\/revisions"}],"predecessor-version":[{"id":1183,"href":"http:\/\/ddnm.si\/index.php?rest_route=\/wp\/v2\/pages\/72\/revisions\/1183"}],"wp:attachment":[{"href":"http:\/\/ddnm.si\/index.php?rest_route=%2Fwp%2Fv2%2Fmedia&parent=72"}],"curies":[{"name":"wp","href":"https:\/\/api.w.org\/{rel}","templated":true}]}}