{"id":65,"date":"2011-12-09T08:17:40","date_gmt":"2011-12-09T07:17:40","guid":{"rendered":"http:\/\/ddnm.si\/?page_id=65"},"modified":"2011-12-10T10:30:52","modified_gmt":"2011-12-10T09:30:52","slug":"modri-krog","status":"publish","type":"page","link":"http:\/\/ddnm.si\/?page_id=65","title":{"rendered":"Modri krog"},"content":{"rendered":"<p>Z namenom oblikovanja mo\u010dne, globalne identitete Svetovnega dneva sladkorne bolezni, je bil leta 1996 ustvarjen trajen logotip modri krog.<\/p>\n<p>Logotip zdru\u017euje ravnote\u017eje in timsko delo in temelji na znanem kitajskem simbolu Yin Yang.<\/p>\n<p>V obravnavanju sladkorne bolezni je namre\u010d potrebno natan\u010dno ravnote\u017eje zdravil, diete in fizi\u010dne aktivnosti, kot tudi sodelovanje med osebami s sladkorno boleznijo, njihovimi dru\u017einami in prijatelji, izvajalci zdravstvene oskrbe in zdravstvenimi oblastmi.<\/p>\n<p>&nbsp;<\/p>\n","protected":false},"excerpt":{"rendered":"<p>Z namenom oblikovanja mo\u010dne, globalne identitete Svetovnega dneva sladkorne bolezni, je bil leta 1996 ustvarjen trajen logotip modri krog. Logotip zdru\u017euje ravnote\u017eje in timsko delo in temelji na znanem kitajskem simbolu Yin Yang. V obravnavanju sladkorne bolezni je namre\u010d potrebno natan\u010dno ravnote\u017eje zdravil, diete in fizi\u010dne aktivnosti, kot tudi sodelovanje med osebami s sladkorno boleznijo, &#8230;<\/p>\n<p class=\"read-more\"><a href=\"http:\/\/ddnm.si\/?page_id=65\">>>Ve\u010d&#8230;<\/a><\/p>\n","protected":false},"author":1,"featured_media":0,"parent":0,"menu_order":7,"comment_status":"closed","ping_status":"closed","template":"","meta":[],"_links":{"self":[{"href":"http:\/\/ddnm.si\/index.php?rest_route=\/wp\/v2\/pages\/65"}],"collection":[{"href":"http:\/\/ddnm.si\/index.php?rest_route=\/wp\/v2\/pages"}],"about":[{"href":"http:\/\/ddnm.si\/index.php?rest_route=\/wp\/v2\/types\/page"}],"author":[{"embeddable":true,"href":"http:\/\/ddnm.si\/index.php?rest_route=\/wp\/v2\/users\/1"}],"replies":[{"embeddable":true,"href":"http:\/\/ddnm.si\/index.php?rest_route=%2Fwp%2Fv2%2Fcomments&post=65"}],"version-history":[{"count":4,"href":"http:\/\/ddnm.si\/index.php?rest_route=\/wp\/v2\/pages\/65\/revisions"}],"predecessor-version":[{"id":102,"href":"http:\/\/ddnm.si\/index.php?rest_route=\/wp\/v2\/pages\/65\/revisions\/102"}],"wp:attachment":[{"href":"http:\/\/ddnm.si\/index.php?rest_route=%2Fwp%2Fv2%2Fmedia&parent=65"}],"curies":[{"name":"wp","href":"https:\/\/api.w.org\/{rel}","templated":true}]}}