{"id":31,"date":"2011-12-08T13:55:20","date_gmt":"2011-12-08T12:55:20","guid":{"rendered":"http:\/\/ddnm.si\/?page_id=31"},"modified":"2019-06-13T20:54:46","modified_gmt":"2019-06-13T19:54:46","slug":"dogodki-2012-3","status":"publish","type":"page","link":"http:\/\/ddnm.si\/?page_id=31","title":{"rendered":"Koledar dogodkov"},"content":{"rendered":"<p><!-- [if gte mso 9]><xml>\n<w:WordDocument>\n<w:View>Normal<\/w:View>\n<w:Zoom>0<\/w:Zoom>\n<w:PunctuationKerning\/>\n<w:ValidateAgainstSchemas\/>\n<w:SaveIfXMLInvalid>false<\/w:SaveIfXMLInvalid>\n<w:IgnoreMixedContent>false<\/w:IgnoreMixedContent>\n<w:AlwaysShowPlaceholderText>false<\/w:AlwaysShowPlaceholderText>\n<w:Compatibility>\n<w:BreakWrappedTables\/>\n<w:SnapToGridInCell\/>\n<w:WrapTextWithPunct\/>\n<w:UseAsianBreakRules\/>\n<w:DontGrowAutofit\/>\n<\/w:Compatibility>\n<w:BrowserLevel>MicrosoftInternetExplorer4<\/w:BrowserLevel>\n<\/w:WordDocument>\n<\/xml><![endif]--><\/p>\n<p><!-- [if !mso]>\n\n\n\n<style>\nv\\:* {behavior:url(#default#VML);}<br \/>o\\:* {behavior:url(#default#VML);}<br \/>w\\:* {behavior:url(#default#VML);}<br \/>.shape {behavior:url(#default#VML);}<br \/><\/style>\n\n<![endif]--><\/p>\n<p><!-- [if gte mso 9]><xml>\n<w:WordDocument>\n<w:View>Normal<\/w:View>\n<w:Zoom>0<\/w:Zoom>\n<w:PunctuationKerning\/>\n<w:ValidateAgainstSchemas\/>\n<w:SaveIfXMLInvalid>false<\/w:SaveIfXMLInvalid>\n<w:IgnoreMixedContent>false<\/w:IgnoreMixedContent>\n<w:AlwaysShowPlaceholderText>false<\/w:AlwaysShowPlaceholderText>\n<w:Compatibility>\n<w:BreakWrappedTables\/>\n<w:SnapToGridInCell\/>\n<w:WrapTextWithPunct\/>\n<w:UseAsianBreakRules\/>\n<w:DontGrowAutofit\/>\n<\/w:Compatibility>\n<w:BrowserLevel>MicrosoftInternetExplorer4<\/w:BrowserLevel>\n<\/w:WordDocument>\n<\/xml><![endif]--><!-- [if gte mso 9]><xml>\n<w:LatentStyles DefLockedState=\"false\" LatentStyleCount=\"156\">\n<\/w:LatentStyles>\n<\/xml><![endif]--><!-- [if !mso]><object classid=\"clsid:38481807-CA0E-42D2-BF39-B33AF135CC4D\" id=ieooui><\/object>\n\n\n\n<style>\nst1\\:*{behavior:url(#ieooui) }<br \/><\/style>\n\n<![endif]--><!-- [if gte mso 10]>\n\n\n\n<style>\n \/* Style Definitions *\/<br \/> table.MsoNormalTable<br \/>\t{mso-style-name:\"Navadna tabela\";<br \/>\tmso-tstyle-rowband-size:0;<br \/>\tmso-tstyle-colband-size:0;<br \/>\tmso-style-noshow:yes;<br \/>\tmso-style-parent:\"\";<br \/>\tmso-padding-alt:0cm 5.4pt 0cm 5.4pt;<br \/>\tmso-para-margin:0cm;<br \/>\tmso-para-margin-bottom:.0001pt;<br \/>\tmso-pagination:widow-orphan;<br \/>\tfont-size:10.0pt;<br \/>\tfont-family:\"Times New Roman\";<br \/>\tmso-ansi-language:#0400;<br \/>\tmso-fareast-language:#0400;<br \/>\tmso-bidi-language:#0400;}<br \/><\/style>\n\n<![endif]--><!-- [if gte mso 9]><xml>\n<o:shapedefaults v:ext=\"edit\" spidmax=\"1027\"\/>\n<\/xml><![endif]--><!-- [if gte mso 9]><xml>\n<o:shapelayout v:ext=\"edit\">\n<o:idmap v:ext=\"edit\" data=\"1\"\/>\n<\/o:shapelayout><\/xml><![endif]--><\/p>\n<h6><strong><span style=\"color: #3366ff;\">URADNE URE:<\/span><\/strong> sreda od 9.00 do 11.00 na Rozmanovi 10.<\/h6>\n<p>&nbsp;<\/p>\n<p><strong>PLAN POHODOV ZA \u010cLANE DRU\u0160TVA DIABETIKOV NOVO MESTO ZA LETO 2019 <\/strong><\/p>\n<table style=\"height: 1557px;\" width=\"775\">\n<tbody>\n<tr>\n<td width=\"56\"><strong>Datum<\/strong><\/td>\n<td width=\"216\"><strong>Smer<\/strong><\/td>\n<td width=\"108\"><strong>Zbirno mesto<\/strong><\/td>\n<td width=\"123\"><strong>Ura odhoda<\/strong><\/td>\n<td width=\"130\"><strong>Prevozno sredstvo<\/strong><\/td>\n<\/tr>\n<tr>\n<td width=\"56\"><\/td>\n<td width=\"216\"><\/td>\n<td width=\"108\"><\/td>\n<td width=\"123\"><\/td>\n<td width=\"130\"><\/td>\n<\/tr>\n<tr>\n<td width=\"56\"><\/td>\n<td width=\"216\"><\/td>\n<td width=\"108\"><\/td>\n<td width=\"123\"><\/td>\n<td width=\"130\"><\/td>\n<\/tr>\n<tr>\n<td width=\"56\"><\/td>\n<td width=\"216\"><\/td>\n<td width=\"108\"><\/td>\n<td width=\"123\"><\/td>\n<td width=\"130\"><\/td>\n<\/tr>\n<tr>\n<td width=\"56\"><\/td>\n<td width=\"216\"><\/td>\n<td width=\"108\"><\/td>\n<td width=\"123\"><\/td>\n<td width=\"130\"><\/td>\n<\/tr>\n<tr>\n<td width=\"56\"><\/td>\n<td width=\"216\"><\/td>\n<td width=\"108\"><\/td>\n<td width=\"123\"><\/td>\n<td width=\"130\"><\/td>\n<\/tr>\n<tr>\n<td width=\"56\"><\/td>\n<td width=\"216\"><\/td>\n<td width=\"108\"><\/td>\n<td width=\"123\"><\/td>\n<td width=\"130\"><\/td>\n<\/tr>\n<tr>\n<td width=\"56\"><\/td>\n<td width=\"216\"><\/td>\n<td width=\"108\"><\/td>\n<td width=\"123\"><\/td>\n<td width=\"130\"><\/td>\n<\/tr>\n<tr>\n<td width=\"56\"><\/td>\n<td width=\"216\"><\/td>\n<td width=\"108\"><\/td>\n<td width=\"123\"><\/td>\n<td width=\"130\"><\/td>\n<\/tr>\n<tr>\n<td width=\"56\"><\/td>\n<td width=\"216\"><\/td>\n<td width=\"108\"><\/td>\n<td width=\"123\"><\/td>\n<td width=\"130\"><\/td>\n<\/tr>\n<tr>\n<td width=\"56\">22.5.<\/td>\n<td width=\"216\">\u00a0Bir\u010dna vas-Ljuben<\/td>\n<td width=\"108\">\u017dP Kandija<\/td>\n<td width=\"123\">13,00<\/td>\n<td width=\"130\">\u00a0vlak<\/td>\n<\/tr>\n<tr>\n<td width=\"56\">5.6.<\/td>\n<td width=\"216\">\u00a0Kra\u0161nji vrh<\/td>\n<td width=\"108\">\u00a0O\u0160 Grm<\/td>\n<td width=\"123\">13,30<\/td>\n<td width=\"130\">Osebni avto<\/td>\n<\/tr>\n<tr>\n<td width=\"56\">19.6.<\/td>\n<td width=\"216\">\u00a0Piknik<\/td>\n<td width=\"108\">Po dogovoru<\/td>\n<td width=\"123\">\u00a013,30<\/td>\n<td width=\"130\">Osebni avto<\/td>\n<\/tr>\n<tr>\n<td width=\"56\"><\/td>\n<td width=\"216\"><\/td>\n<td width=\"108\"><\/td>\n<td width=\"123\"><\/td>\n<td width=\"130\"><\/td>\n<\/tr>\n<tr>\n<td width=\"56\"><\/td>\n<td width=\"216\"><\/td>\n<td width=\"108\"><\/td>\n<td width=\"123\"><\/td>\n<td width=\"130\"><\/td>\n<\/tr>\n<tr>\n<td width=\"56\">4.9.<\/td>\n<td width=\"216\">Ostri \u00a0vrh pri Rde\u010dem kalu<\/td>\n<td width=\"108\">O\u0160 Grm<\/td>\n<td width=\"123\">13,30<\/td>\n<td width=\"130\">Osebni avto<\/td>\n<\/tr>\n<tr>\n<td width=\"56\">18.9.<\/td>\n<td width=\"216\">\u00a0Vinji vrh<\/td>\n<td width=\"108\">O\u0160 Grm<\/td>\n<td width=\"123\">13,30<\/td>\n<td width=\"130\">Osebni avto<\/td>\n<\/tr>\n<tr>\n<td width=\"56\">2.10.<\/td>\n<td width=\"216\">\u00a0Mirna pe\u010d \u00a0&#8211; Zijalo<\/td>\n<td width=\"108\">\u017dP Kandija<\/td>\n<td width=\"123\">\u00a013,00<\/td>\n<td width=\"130\">vlak<\/td>\n<\/tr>\n<tr>\n<td width=\"56\">16.10.<\/td>\n<td width=\"216\">\u00a0Iglenik<\/td>\n<td width=\"108\">O\u0160 Grm<\/td>\n<td width=\"123\">13,30<\/td>\n<td width=\"130\">Osebni avto<\/td>\n<\/tr>\n<tr>\n<td width=\"56\">6.11.<\/td>\n<td width=\"216\">\u00a0Br\u0161ljin \u2013 \u00a0Pre\u010dna<\/td>\n<td width=\"108\">O\u0160 Grm<\/td>\n<td width=\"123\">13,30<\/td>\n<td width=\"130\">Osebni avto<\/td>\n<\/tr>\n<tr>\n<td width=\"56\">20.11.<\/td>\n<td width=\"216\">\u00a0Krupa-Judovska hi\u0161a<\/td>\n<td width=\"108\">O\u0160 Grm<\/td>\n<td width=\"123\">13,30<\/td>\n<td width=\"130\">Osebni avto<\/td>\n<\/tr>\n<tr>\n<td width=\"56\">4.12.<\/td>\n<td width=\"216\">\u00a0Vavta vas \u2013 Gradi\u0161\u010de<\/td>\n<td width=\"108\">O\u0160 Grm<\/td>\n<td width=\"123\">13,00<\/td>\n<td width=\"130\">\u00a0Osebni avto<\/td>\n<\/tr>\n<tr>\n<td width=\"56\">18.12.<\/td>\n<td width=\"216\">Po Machovi poti<\/td>\n<td width=\"108\">\u00a0O\u0160 Grm<\/td>\n<td width=\"123\">13,30<\/td>\n<td width=\"130\">Osebni avto<\/td>\n<\/tr>\n<tr>\n<td width=\"56\"><\/td>\n<td width=\"216\"><\/td>\n<td width=\"108\"><\/td>\n<td width=\"123\"><\/td>\n<td width=\"130\"><\/td>\n<\/tr>\n<\/tbody>\n<\/table>\n<p>Program pohoda je okviren in se med letom lahko spremeni glede na vremenske razmere. Iz zbornega mesta <strong>O\u0160 GRM<\/strong> bomo od\u0161li po programu. Pohoda se bomo udele\u017eili v vsakem vremenu (razen v izrednih razmerah), zato udele\u017eence opozarjamo na primerno obutev in obleko, priporo\u010damo pohodne palice in seveda urejen nivo krvnega sladkorja.<\/p>\n<p>Pohode bo vodila \u010dlanica PD Krka Novo mesto ga. Fanika Vovk, po potrebi pa bodo sodelovali tudi udele\u017eenci pohoda. O eventuelnih spremembah se bomo dogovorili skupaj. Pohodov se bomo udele\u017eili na lastno odgovornost.<\/p>\n<p><strong>Vsak udele\u017eenec hodi na lastno odgovornost!<\/strong><\/p>\n<p>Sre\u010dno in varen korak na vseh poteh!<\/p>\n<p>Program pripravili:\u00a0\u00a0\u00a0\u00a0\u00a0\u00a0\u00a0\u00a0\u00a0\u00a0\u00a0\u00a0\u00a0\u00a0\u00a0\u00a0\u00a0\u00a0\u00a0\u00a0\u00a0\u00a0\u00a0\u00a0\u00a0\u00a0\u00a0\u00a0\u00a0\u00a0\u00a0\u00a0\u00a0\u00a0\u00a0\u00a0\u00a0\u00a0\u00a0\u00a0\u00a0\u00a0\u00a0\u00a0\u00a0\u00a0\u00a0\u00a0\u00a0\u00a0\u00a0\u00a0\u00a0\u00a0\u00a0\u00a0\u00a0\u00a0\u00a0\u00a0\u00a0\u00a0\u00a0\u00a0\u00a0\u00a0\u00a0\u00a0\u00a0\u00a0\u00a0\u00a0\u00a0\u00a0\u00a0\u00a0\u00a0\u00a0\u00a0\u00a0\u00a0\u00a0\u00a0\u00a0 Predsednik dru\u0161tva: Du\u0161an Juki\u0107<\/p>\n<p>F. Vovk in pohodniki<\/p>\n<p>&nbsp;<\/p>\n<p>Koordinacija in povezava z dru\u0161tvom: D. Vidmar<\/p>\n<p>December, 2018<\/p>\n<p>&nbsp;<\/p>\n<h5><span style=\"color: #3366ff;\"><strong>Plavanje:<\/strong> <\/span>na sede\u017eu dru\u0161tva so na voljo karte za plavanje (najprej pla\u010dilo, nato prejmete karte). Cena je 7,40\u20ac (vklju\u010dno z DDV). Pla\u010date jih lahko z nakazilom preko banke na TRR dru\u0161tva: SI56 o297 0001 6651 379, NAMEN: PLAVALNE KARTE. Celodnevne karte so, koristi se jih v dnevih od ponedeljka do \u010detrtka. Kontakt &#8211; tajni\u0161tvo: 064 160 300.<\/h5>\n<h5><span style=\"color: #3366ff;\"><strong>\u0160portno rekreativno sre\u010danje dru\u0161tva &#8211; piknik za \u010dlane dru\u0161tva<\/strong><\/span>, sreda 19. junij 2019, ob 15.00-Mali Kal pri Mirni Pe\u010di. \u010clani prejmejo vabilo po po\u0161ti. Informacije v tajni\u0161tvu: 064 160 300.<\/h5>\n<p>&nbsp;<\/p>\n<h5 class=\"MsoNormal\" style=\"text-align: justify;\"><b><span lang=\"SL\" style=\"font-size: 13pt; font-family: Tahoma;\"><span style=\"color: #3366ff;\">Majice dru\u0161tva:<\/span> <\/span><\/b><\/h5>\n<p class=\"MsoNormal\" style=\"text-align: justify;\"><span lang=\"SL\" style=\"font-size: 11pt; font-family: Tahoma;\">\u010ce majico kdo \u017eeli, ki tega ni ozna\u010dil v vpra\u0161alniku, jih je \u0161e nekaj na voljo (10 EUR), \u0161tevilke so od M, L, XXL.<br \/>\n<\/span><\/p>\n<p class=\"MsoNormal\" style=\"text-align: center;\"><span lang=\"SL\" style=\"font-size: 11pt; font-family: Tahoma;\">Veselimo se dru\u017eenja z Vami!<\/span> <span lang=\"SL\" style=\"font-size: 11pt; font-family: Tahoma;\">\u00a0\u00a0\u00a0\u00a0\u00a0\u00a0\u00a0\u00a0\u00a0\u00a0\u00a0\u00a0\u00a0\u00a0\u00a0\u00a0\u00a0\u00a0\u00a0\u00a0\u00a0\u00a0\u00a0\u00a0\u00a0\u00a0\u00a0\u00a0\u00a0\u00a0\u00a0\u00a0\u00a0\u00a0\u00a0\u00a0\u00a0 <\/span><\/p>\n<p class=\"MsoNormal\" style=\"text-align: center;\"><span lang=\"SL\" style=\"font-size: 11pt; font-family: Tahoma;\">\u00a0<\/span><\/p>\n","protected":false},"excerpt":{"rendered":"<p>URADNE URE: sreda od 9.00 do 11.00 na Rozmanovi 10. &nbsp; PLAN POHODOV ZA \u010cLANE DRU\u0160TVA DIABETIKOV NOVO MESTO ZA LETO 2019 Datum Smer Zbirno mesto Ura odhoda Prevozno sredstvo 22.5. \u00a0Bir\u010dna vas-Ljuben \u017dP Kandija 13,00 \u00a0vlak 5.6. \u00a0Kra\u0161nji vrh \u00a0O\u0160 Grm 13,30 Osebni avto 19.6. \u00a0Piknik Po dogovoru \u00a013,30 Osebni avto 4.9. Ostri \u00a0vrh &#8230;<\/p>\n<p class=\"read-more\"><a href=\"http:\/\/ddnm.si\/?page_id=31\">>>Ve\u010d&#8230;<\/a><\/p>\n","protected":false},"author":1,"featured_media":0,"parent":0,"menu_order":5,"comment_status":"closed","ping_status":"open","template":"","meta":[],"_links":{"self":[{"href":"http:\/\/ddnm.si\/index.php?rest_route=\/wp\/v2\/pages\/31"}],"collection":[{"href":"http:\/\/ddnm.si\/index.php?rest_route=\/wp\/v2\/pages"}],"about":[{"href":"http:\/\/ddnm.si\/index.php?rest_route=\/wp\/v2\/types\/page"}],"author":[{"embeddable":true,"href":"http:\/\/ddnm.si\/index.php?rest_route=\/wp\/v2\/users\/1"}],"replies":[{"embeddable":true,"href":"http:\/\/ddnm.si\/index.php?rest_route=%2Fwp%2Fv2%2Fcomments&post=31"}],"version-history":[{"count":28,"href":"http:\/\/ddnm.si\/index.php?rest_route=\/wp\/v2\/pages\/31\/revisions"}],"predecessor-version":[{"id":42,"href":"http:\/\/ddnm.si\/index.php?rest_route=\/wp\/v2\/pages\/31\/revisions\/42"}],"wp:attachment":[{"href":"http:\/\/ddnm.si\/index.php?rest_route=%2Fwp%2Fv2%2Fmedia&parent=31"}],"curies":[{"name":"wp","href":"https:\/\/api.w.org\/{rel}","templated":true}]}}