{"id":2,"date":"2011-12-05T11:50:42","date_gmt":"2011-12-05T11:50:42","guid":{"rendered":"http:\/\/ddnm.si\/?page_id=2"},"modified":"2019-05-15T10:11:22","modified_gmt":"2019-05-15T09:11:22","slug":"sample-page","status":"publish","type":"page","link":"http:\/\/ddnm.si\/?page_id=2","title":{"rendered":"Predstavitev dru\u0161tva"},"content":{"rendered":"<p>V Dru\u0161tvu diabetikov Novo mesto se zdru\u017eujemo sladkorni bolniki, strokovni delavci in drugi,<br \/>\nki smo na kakr\u0161nikoli na\u010din povezani z diabetesom.<\/p>\n<p>Dru\u0161tvo je bilo ustanovljeno leta 1986, njegovo delovanje pa je raz\u0161irjeno na vse ob\u010dine<br \/>\nDolenjske.<\/p>\n<p>Dejavnost dru\u0161tva obsega izobra\u017eevanje in obve\u0161\u010danje \u010dlanov o novostih na podro\u010dju<br \/>\ndiabetesa, organiziranje rekreativnih in dru\u017eabnih sre\u010danj, strokovnih<br \/>\npredavanj ter dru\u017eenje in moralno pomo\u010d, ki jo v stiskah vsi potrebujemo. \u010clani<br \/>\nsi z izmenjavo izku\u0161enj medsebojno pomagamo pri premagovanju zdravstvenih in<br \/>\nsocialnih te\u017eav.<\/p>\n<p>Dru\u0161tvo uspe\u0161no sodeluje z Mestno ob\u010dino Novo mesto ter ostalimi zainteresiranimi<br \/>\norganizacijami, povezanimi s problematiko diabetesa.<\/p>\n<p>Na\u0161a vrata so odprta za vse, ki menijo, da lahko v dru\u0161tvu kaj pridobijo in tudi prispevajo.<\/p>\n<p>Dru\u0161tvo predstavlja in zastopa predsednik, g. Du\u0161an Juki\u0107, podpredsednica dru\u0161tva je ga. Jo\u017eica Mikec.<\/p>\n<p>Za izvajanje programov dru\u0161tva so zadol\u017eeni \u010dlani in \u010dlanice izvr\u0161nega odbora dru\u0161tva:<br \/>\nDanica Vidmar, Du\u0161an Juki\u0107, Jo\u017eica Mikec, Jo\u017eefa Rolih, Romana Kri\u017eman, Silvo Oblak, Valerija Arko, Milojka Gutman, Anton Turk, Marija \u017dagar. Albina Kova\u010di\u010d. Vinko Kri\u017eman\u010di\u010d, Andrej Resman, Marjan Vrani\u010dar.<\/p>\n<p><a href=\"http:\/\/ddnm.si\/?attachment_id=1838\" rel=\"attachment wp-att-1838\">Zgibanka-2015_297x210_15<\/a><\/p>\n","protected":false},"excerpt":{"rendered":"<p>V Dru\u0161tvu diabetikov Novo mesto se zdru\u017eujemo sladkorni bolniki, strokovni delavci in drugi, ki smo na kakr\u0161nikoli na\u010din povezani z diabetesom. Dru\u0161tvo je bilo ustanovljeno leta 1986, njegovo delovanje pa je raz\u0161irjeno na vse ob\u010dine Dolenjske. Dejavnost dru\u0161tva obsega izobra\u017eevanje in obve\u0161\u010danje \u010dlanov o novostih na podro\u010dju diabetesa, organiziranje rekreativnih in dru\u017eabnih sre\u010danj, strokovnih predavanj &#8230;<\/p>\n<p class=\"read-more\"><a href=\"http:\/\/ddnm.si\/?page_id=2\">>>Ve\u010d&#8230;<\/a><\/p>\n","protected":false},"author":1,"featured_media":0,"parent":0,"menu_order":1,"comment_status":"open","ping_status":"closed","template":"","meta":[],"_links":{"self":[{"href":"http:\/\/ddnm.si\/index.php?rest_route=\/wp\/v2\/pages\/2"}],"collection":[{"href":"http:\/\/ddnm.si\/index.php?rest_route=\/wp\/v2\/pages"}],"about":[{"href":"http:\/\/ddnm.si\/index.php?rest_route=\/wp\/v2\/types\/page"}],"author":[{"embeddable":true,"href":"http:\/\/ddnm.si\/index.php?rest_route=\/wp\/v2\/users\/1"}],"replies":[{"embeddable":true,"href":"http:\/\/ddnm.si\/index.php?rest_route=%2Fwp%2Fv2%2Fcomments&post=2"}],"version-history":[{"count":8,"href":"http:\/\/ddnm.si\/index.php?rest_route=\/wp\/v2\/pages\/2\/revisions"}],"predecessor-version":[{"id":25,"href":"http:\/\/ddnm.si\/index.php?rest_route=\/wp\/v2\/pages\/2\/revisions\/25"}],"wp:attachment":[{"href":"http:\/\/ddnm.si\/index.php?rest_route=%2Fwp%2Fv2%2Fmedia&parent=2"}],"curies":[{"name":"wp","href":"https:\/\/api.w.org\/{rel}","templated":true}]}}