{"id":1945,"date":"2018-05-23T15:25:14","date_gmt":"2018-05-23T14:25:14","guid":{"rendered":"http:\/\/ddnm.si\/?page_id=1945"},"modified":"2018-10-17T09:29:47","modified_gmt":"2018-10-17T08:29:47","slug":"sponzorji","status":"publish","type":"page","link":"http:\/\/ddnm.si\/?page_id=1945","title":{"rendered":"Sponzorji 23. \u0161portno rekreativnega sre\u010danja diabetikov Slovenije 26.5.2018 Dolenjske Toplice"},"content":{"rendered":"<p>V letu 2018 na program pomagajo uresni\u010devati:<\/p>\n<p><a href=\"http:\/\/ddnm.si\/?attachment_id=1732\" rel=\"attachment wp-att-1732\"><img loading=\"lazy\" class=\"wp-image-1732 aligncenter\" src=\"http:\/\/ddnm.si\/wp-content\/uploads\/2011\/12\/monm-logo.png\" alt=\"\" width=\"219\" height=\"86\" srcset=\"http:\/\/ddnm.si\/wp-content\/uploads\/2011\/12\/monm-logo.png 568w, http:\/\/ddnm.si\/wp-content\/uploads\/2011\/12\/monm-logo-300x118.png 300w\" sizes=\"(max-width: 219px) 100vw, 219px\" \/><\/a><\/p>\n<p><a href=\"http:\/\/ddnm.si\/?attachment_id=1946\" rel=\"attachment wp-att-1946\"><img loading=\"lazy\" class=\" wp-image-1946 aligncenter\" src=\"http:\/\/ddnm.si\/wp-content\/uploads\/2018\/05\/FIHO-logo.png\" alt=\"\" width=\"182\" height=\"84\" srcset=\"http:\/\/ddnm.si\/wp-content\/uploads\/2018\/05\/FIHO-logo.png 641w, http:\/\/ddnm.si\/wp-content\/uploads\/2018\/05\/FIHO-logo-300x138.png 300w\" sizes=\"(max-width: 182px) 100vw, 182px\" \/><\/a><\/p>\n<p style=\"text-align: center;\">Programe in delovanje sofinancira FIHO. Stali\u0161\u010da organizacije ne izra\u017eajo stali\u0161\u010da FIHO.<\/p>\n<p><a href=\"http:\/\/ddnm.si\/?attachment_id=1952\" rel=\"attachment wp-att-1952\"><img loading=\"lazy\" class=\"wp-image-1952 aligncenter\" src=\"http:\/\/ddnm.si\/wp-content\/uploads\/2018\/05\/MZ.jpg\" alt=\"\" width=\"531\" height=\"170\" srcset=\"http:\/\/ddnm.si\/wp-content\/uploads\/2018\/05\/MZ.jpg 952w, http:\/\/ddnm.si\/wp-content\/uploads\/2018\/05\/MZ-300x96.jpg 300w, http:\/\/ddnm.si\/wp-content\/uploads\/2018\/05\/MZ-768x246.jpg 768w, http:\/\/ddnm.si\/wp-content\/uploads\/2018\/05\/MZ-620x200.jpg 620w\" sizes=\"(max-width: 531px) 100vw, 531px\" \/><\/a><a href=\"http:\/\/ddnm.si\/?attachment_id=1954\" rel=\"attachment wp-att-1954\"><img loading=\"lazy\" class=\"wp-image-1954 aligncenter\" src=\"http:\/\/ddnm.si\/wp-content\/uploads\/2018\/05\/Zveza_logo.jpg\" alt=\"\" width=\"203\" height=\"162\" srcset=\"http:\/\/ddnm.si\/wp-content\/uploads\/2018\/05\/Zveza_logo.jpg 945w, http:\/\/ddnm.si\/wp-content\/uploads\/2018\/05\/Zveza_logo-300x240.jpg 300w, http:\/\/ddnm.si\/wp-content\/uploads\/2018\/05\/Zveza_logo-768x614.jpg 768w\" sizes=\"(max-width: 203px) 100vw, 203px\" \/><\/a><\/p>\n<p>&nbsp;<\/p>\n<p><a href=\"http:\/\/ddnm.si\/?attachment_id=1948\" rel=\"attachment wp-att-1948\"><img loading=\"lazy\" class=\"wp-image-1948 aligncenter\" src=\"http:\/\/ddnm.si\/wp-content\/uploads\/2018\/05\/terme-krka.jpg\" alt=\"\" width=\"324\" height=\"55\" srcset=\"http:\/\/ddnm.si\/wp-content\/uploads\/2018\/05\/terme-krka.jpg 1135w, http:\/\/ddnm.si\/wp-content\/uploads\/2018\/05\/terme-krka-300x51.jpg 300w, http:\/\/ddnm.si\/wp-content\/uploads\/2018\/05\/terme-krka-768x130.jpg 768w, http:\/\/ddnm.si\/wp-content\/uploads\/2018\/05\/terme-krka-1024x173.jpg 1024w\" sizes=\"(max-width: 324px) 100vw, 324px\" \/><\/a><\/p>\n<p>&nbsp;<\/p>\n<p><a href=\"http:\/\/ddnm.si\/?attachment_id=1491\" rel=\"attachment wp-att-1491\"><img loading=\"lazy\" class=\"wp-image-1491 aligncenter\" src=\"http:\/\/ddnm.si\/wp-content\/uploads\/2011\/12\/krka_logo.jpg\" alt=\"\" width=\"279\" height=\"90\" srcset=\"http:\/\/ddnm.si\/wp-content\/uploads\/2011\/12\/krka_logo.jpg 864w, http:\/\/ddnm.si\/wp-content\/uploads\/2011\/12\/krka_logo-300x97.jpg 300w, http:\/\/ddnm.si\/wp-content\/uploads\/2011\/12\/krka_logo-768x248.jpg 768w, http:\/\/ddnm.si\/wp-content\/uploads\/2011\/12\/krka_logo-620x200.jpg 620w\" sizes=\"(max-width: 279px) 100vw, 279px\" \/><\/a><\/p>\n<p>&nbsp;<\/p>\n<p><a href=\"http:\/\/ddnm.si\/?attachment_id=1949\" rel=\"attachment wp-att-1949\"><img loading=\"lazy\" class=\" wp-image-1949 aligncenter\" src=\"http:\/\/ddnm.si\/wp-content\/uploads\/2018\/05\/SimpsS-d.o.o..gif\" alt=\"\" width=\"213\" height=\"149\" \/><\/a><\/p>\n<p>&nbsp;<\/p>\n<p style=\"text-align: center;\"><a href=\"http:\/\/ddnm.si\/?attachment_id=1950\" rel=\"attachment wp-att-1950\"><img loading=\"lazy\" class=\"wp-image-1950 aligncenter\" src=\"http:\/\/ddnm.si\/wp-content\/uploads\/2018\/05\/Logo-color-Sava.jpg-CMYK.jpg\" alt=\"\" width=\"252\" height=\"85\" srcset=\"http:\/\/ddnm.si\/wp-content\/uploads\/2018\/05\/Logo-color-Sava.jpg-CMYK.jpg 1556w, http:\/\/ddnm.si\/wp-content\/uploads\/2018\/05\/Logo-color-Sava.jpg-CMYK-300x101.jpg 300w, http:\/\/ddnm.si\/wp-content\/uploads\/2018\/05\/Logo-color-Sava.jpg-CMYK-768x259.jpg 768w, http:\/\/ddnm.si\/wp-content\/uploads\/2018\/05\/Logo-color-Sava.jpg-CMYK-1024x345.jpg 1024w\" sizes=\"(max-width: 252px) 100vw, 252px\" \/><\/a><\/p>\n<p>&nbsp;<\/p>\n<p style=\"text-align: center;\"><a href=\"http:\/\/ddnm.si\/?attachment_id=1722\" rel=\"attachment wp-att-1722\"><img loading=\"lazy\" class=\"alignnone wp-image-1722\" src=\"http:\/\/ddnm.si\/wp-content\/uploads\/2011\/12\/ONETOUCH_EVERY_TOUCH_LOGO_CMYKMateja.jpg\" alt=\"\" width=\"224\" height=\"68\" srcset=\"http:\/\/ddnm.si\/wp-content\/uploads\/2011\/12\/ONETOUCH_EVERY_TOUCH_LOGO_CMYKMateja.jpg 1083w, http:\/\/ddnm.si\/wp-content\/uploads\/2011\/12\/ONETOUCH_EVERY_TOUCH_LOGO_CMYKMateja-300x91.jpg 300w, http:\/\/ddnm.si\/wp-content\/uploads\/2011\/12\/ONETOUCH_EVERY_TOUCH_LOGO_CMYKMateja-768x233.jpg 768w, http:\/\/ddnm.si\/wp-content\/uploads\/2011\/12\/ONETOUCH_EVERY_TOUCH_LOGO_CMYKMateja-1024x311.jpg 1024w\" sizes=\"(max-width: 224px) 100vw, 224px\" \/><\/a><\/p>\n<p>&nbsp;<\/p>\n","protected":false},"excerpt":{"rendered":"<p>V letu 2018 na program pomagajo uresni\u010devati: Programe in delovanje sofinancira FIHO. Stali\u0161\u010da organizacije ne izra\u017eajo stali\u0161\u010da FIHO. &nbsp; &nbsp; &nbsp; &nbsp; &nbsp; &nbsp;<\/p>\n","protected":false},"author":1,"featured_media":0,"parent":0,"menu_order":0,"comment_status":"closed","ping_status":"closed","template":"","meta":[],"_links":{"self":[{"href":"http:\/\/ddnm.si\/index.php?rest_route=\/wp\/v2\/pages\/1945"}],"collection":[{"href":"http:\/\/ddnm.si\/index.php?rest_route=\/wp\/v2\/pages"}],"about":[{"href":"http:\/\/ddnm.si\/index.php?rest_route=\/wp\/v2\/types\/page"}],"author":[{"embeddable":true,"href":"http:\/\/ddnm.si\/index.php?rest_route=\/wp\/v2\/users\/1"}],"replies":[{"embeddable":true,"href":"http:\/\/ddnm.si\/index.php?rest_route=%2Fwp%2Fv2%2Fcomments&post=1945"}],"version-history":[{"count":1,"href":"http:\/\/ddnm.si\/index.php?rest_route=\/wp\/v2\/pages\/1945\/revisions"}],"predecessor-version":[{"id":1951,"href":"http:\/\/ddnm.si\/index.php?rest_route=\/wp\/v2\/pages\/1945\/revisions\/1951"}],"wp:attachment":[{"href":"http:\/\/ddnm.si\/index.php?rest_route=%2Fwp%2Fv2%2Fmedia&parent=1945"}],"curies":[{"name":"wp","href":"https:\/\/api.w.org\/{rel}","templated":true}]}}