{"id":15,"date":"2011-12-06T20:33:17","date_gmt":"2011-12-06T19:33:17","guid":{"rendered":"http:\/\/ddnm.si\/?page_id=15"},"modified":"2019-06-10T09:06:14","modified_gmt":"2019-06-10T08:06:14","slug":"kontakt","status":"publish","type":"page","link":"http:\/\/ddnm.si\/?page_id=15","title":{"rendered":"Kontakt"},"content":{"rendered":"<p>Telefon: 0590 39 855<\/p>\n<p>Mobilni telefon: 064 160 300<\/p>\n<p>Elektronska po\u0161ta: ddnm@t-2.net<\/p>\n<p>Naslov: Rozmanova ulica 10, 8000 Novo mesto.<\/p>\n<p><strong>Uradne ure za \u010dlane dru\u0161tva so vsako sredo med 9.00 in 11.00 uro.<\/strong><\/p>\n<p>&nbsp;<\/p>\n","protected":false},"excerpt":{"rendered":"<p>Telefon: 0590 39 855 Mobilni telefon: 064 160 300 Elektronska po\u0161ta: ddnm@t-2.net Naslov: Rozmanova ulica 10, 8000 Novo mesto. Uradne ure za \u010dlane dru\u0161tva so vsako sredo med 9.00 in 11.00 uro. &nbsp;<\/p>\n","protected":false},"author":1,"featured_media":0,"parent":0,"menu_order":4,"comment_status":"open","ping_status":"open","template":"","meta":[],"_links":{"self":[{"href":"http:\/\/ddnm.si\/index.php?rest_route=\/wp\/v2\/pages\/15"}],"collection":[{"href":"http:\/\/ddnm.si\/index.php?rest_route=\/wp\/v2\/pages"}],"about":[{"href":"http:\/\/ddnm.si\/index.php?rest_route=\/wp\/v2\/types\/page"}],"author":[{"embeddable":true,"href":"http:\/\/ddnm.si\/index.php?rest_route=\/wp\/v2\/users\/1"}],"replies":[{"embeddable":true,"href":"http:\/\/ddnm.si\/index.php?rest_route=%2Fwp%2Fv2%2Fcomments&post=15"}],"version-history":[{"count":10,"href":"http:\/\/ddnm.si\/index.php?rest_route=\/wp\/v2\/pages\/15\/revisions"}],"predecessor-version":[{"id":38,"href":"http:\/\/ddnm.si\/index.php?rest_route=\/wp\/v2\/pages\/15\/revisions\/38"}],"wp:attachment":[{"href":"http:\/\/ddnm.si\/index.php?rest_route=%2Fwp%2Fv2%2Fmedia&parent=15"}],"curies":[{"name":"wp","href":"https:\/\/api.w.org\/{rel}","templated":true}]}}