{"id":1439,"date":"2016-10-27T23:06:03","date_gmt":"2016-10-27T22:06:03","guid":{"rendered":"http:\/\/ddnm.si\/?page_id=1439"},"modified":"2017-08-30T10:46:25","modified_gmt":"2017-08-30T09:46:25","slug":"zahteva-za-namenitev-dela-dohodnine-za-donacije","status":"publish","type":"page","link":"http:\/\/ddnm.si\/?page_id=1439","title":{"rendered":"Namenite del dohodnine za donacijo Dru\u0161tvu diabetikov Novo mesto"},"content":{"rendered":"<p><strong>Spo\u0161tovani,<\/strong><\/p>\n<p>ker se tudi na\u0161e dru\u0161tvo spopada z vedno ve\u010djimi te\u017eavami pri pridobivanju sredstev, \u017eelimo pa \u0161e naprej izvajati kakovostne programe, vas prosimo za pomo\u010d.<\/p>\n<p>Namenite lahko 0,1%, 0,2%, 0,3%, 0,4% ali 0,5% dohodnine.<\/p>\n<p>Zahtevo za namenitev lahko daste kadarkoli prek sisteva eDavki na <strong>spletni strani http:\/\/edavki.durs.si<\/strong> , pisno na spodnjem <strong>obrazcu<\/strong>, ki ga dostavite na dav\u010dni organ ali ustno na <strong>zapisnik<\/strong> pri dav\u010dnem organu.<\/p>\n<p>Najlep\u0161a hvala!<\/p>\n<p style=\"text-align: right;\">Du\u0161an Juki\u0107,<\/p>\n<p style=\"text-align: right;\">predsednik dru\u0161tva<\/p>\n<p><a href=\"http:\/\/ddnm.si\/wp-content\/uploads\/2016\/10\/OBRAZEC-ZA-NAMEMBO-DOHODNINE-PODATKI-O-DAV\u010cNEM-ZAVEZANCU.pdf\">obrazec-za-namembo-dohodnine-podatki-o-davcnem-zavezancu<\/a><\/p>\n","protected":false},"excerpt":{"rendered":"<p>Spo\u0161tovani, ker se tudi na\u0161e dru\u0161tvo spopada z vedno ve\u010djimi te\u017eavami pri pridobivanju sredstev, \u017eelimo pa \u0161e naprej izvajati kakovostne programe, vas prosimo za pomo\u010d. Namenite lahko 0,1%, 0,2%, 0,3%, 0,4% ali 0,5% dohodnine. Zahtevo za namenitev lahko daste kadarkoli prek sisteva eDavki na spletni strani http:\/\/edavki.durs.si , pisno na spodnjem obrazcu, ki ga dostavite &#8230;<\/p>\n<p class=\"read-more\"><a href=\"http:\/\/ddnm.si\/?page_id=1439\">>>Ve\u010d&#8230;<\/a><\/p>\n","protected":false},"author":1,"featured_media":0,"parent":0,"menu_order":0,"comment_status":"closed","ping_status":"closed","template":"","meta":[],"_links":{"self":[{"href":"http:\/\/ddnm.si\/index.php?rest_route=\/wp\/v2\/pages\/1439"}],"collection":[{"href":"http:\/\/ddnm.si\/index.php?rest_route=\/wp\/v2\/pages"}],"about":[{"href":"http:\/\/ddnm.si\/index.php?rest_route=\/wp\/v2\/types\/page"}],"author":[{"embeddable":true,"href":"http:\/\/ddnm.si\/index.php?rest_route=\/wp\/v2\/users\/1"}],"replies":[{"embeddable":true,"href":"http:\/\/ddnm.si\/index.php?rest_route=%2Fwp%2Fv2%2Fcomments&post=1439"}],"version-history":[{"count":1,"href":"http:\/\/ddnm.si\/index.php?rest_route=\/wp\/v2\/pages\/1439\/revisions"}],"predecessor-version":[{"id":1679,"href":"http:\/\/ddnm.si\/index.php?rest_route=\/wp\/v2\/pages\/1439\/revisions\/1679"}],"wp:attachment":[{"href":"http:\/\/ddnm.si\/index.php?rest_route=%2Fwp%2Fv2%2Fmedia&parent=1439"}],"curies":[{"name":"wp","href":"https:\/\/api.w.org\/{rel}","templated":true}]}}